{"id":148,"date":"2026-01-26T18:05:59","date_gmt":"2026-01-26T18:05:59","guid":{"rendered":"https:\/\/kronoslearning.es\/?page_id=148"},"modified":"2026-02-13T12:40:07","modified_gmt":"2026-02-13T12:40:07","slug":"informacion","status":"publish","type":"page","link":"https:\/\/kronoslearning.es\/index.php\/informacion\/","title":{"rendered":"Informaci\u00f3n"},"content":{"rendered":"\t\t<div data-elementor-type=\"wp-page\" data-elementor-id=\"148\" class=\"elementor elementor-148\" data-elementor-post-type=\"page\">\n\t\t\t\t<div class=\"elementor-element elementor-element-5302cf2 e-flex e-con-boxed e-con e-parent\" data-id=\"5302cf2\" data-element_type=\"container\">\n\t\t\t\t\t<div class=\"e-con-inner\">\n\t\t\t\t<div class=\"elementor-element elementor-element-0a21088 elementor-widget elementor-widget-heading\" data-id=\"0a21088\" data-element_type=\"widget\" data-widget_type=\"heading.default\">\n\t\t\t\t\t<h1 class=\"elementor-heading-title elementor-size-default\">SOLICITAR INFORMACI\u00d3N<\/h1>\t\t\t\t<\/div>\n\t\t\t\t\t<\/div>\n\t\t\t\t<\/div>\n\t\t<div class=\"elementor-element elementor-element-bd5f522 e-con-full e-flex e-con e-parent\" data-id=\"bd5f522\" data-element_type=\"container\">\n\t\t<div class=\"elementor-element elementor-element-517163c e-con-full e-flex e-con e-child\" data-id=\"517163c\" data-element_type=\"container\">\n\t\t\t\t<div class=\"elementor-element elementor-element-707a446 elementor-widget elementor-widget-html\" data-id=\"707a446\" data-element_type=\"widget\" data-widget_type=\"html.default\">\n\t\t\t\t\t<!DOCTYPE html>\r\n<html lang=\"es\">\r\n<head>\r\n    <meta charset=\"UTF-8\">\r\n    <meta name=\"viewport\" content=\"width=device-width, initial-scale=1.0\">\r\n    <title>Informaci\u00f3n de Contacto<\/title>\r\n    <style>\r\n        body {\r\n            font-family: 'Segoe UI', Tahoma, Geneva, Verdana, sans-serif;\r\n            background-color: #fcfcfc;\r\n            color: #333;\r\n            display: flex;\r\n            justify-content: center;\r\n            padding: 20px;\r\n        }\r\n\r\n        .container {\r\n            width: 100%;\r\n            max-width: 500px;\r\n        }\r\n\r\n        h2 {\r\n            font-size: 24px;\r\n            margin-bottom: 10px;\r\n            color: #1a1a1a;\r\n        }\r\n\r\n        p.subtitle {\r\n            color: #666;\r\n            margin-bottom: 30px;\r\n        }\r\n\r\n        \/* Estilo de las tarjetas de contacto *\/\r\n        .contact-item {\r\n            background-color: #f8f9fb;\r\n            display: flex;\r\n            align-items: center;\r\n            padding: 15px;\r\n            border-radius: 4px;\r\n            margin-bottom: 15px;\r\n        }\r\n\r\n        .icon-box {\r\n            width: 50px;\r\n            height: 50px;\r\n            display: flex;\r\n            align-items: center;\r\n            justify-content: center;\r\n            border-radius: 4px;\r\n            margin-right: 20px;\r\n            font-size: 20px;\r\n        }\r\n\r\n        \/* Colores espec\u00edficos por icono *\/\r\n        .bg-purple { background-color: #f0ebff; color: #7c4dff; }\r\n        .bg-green { background-color: #e6f9f0; color: #2ecc71; }\r\n        .bg-orange { background-color: #fff4e5; color: #ff9f43; }\r\n\r\n        .info-text span {\r\n            display: block;\r\n            font-size: 12px;\r\n            text-transform: uppercase;\r\n            color: #999;\r\n            letter-spacing: 1px;\r\n            font-weight: bold;\r\n            \r\n        }\r\n\r\n        .info-text strong {\r\n            font-size: 16px;\r\n            color: #1a1a1a;\r\n        }\r\n\r\n        \/* Secci\u00f3n de Horario *\/\r\n        .hours-section {\r\n            border: 1px solid #e0e0e0;\r\n            padding: 20px;\r\n            border-radius: 4px;\r\n            margin-top: 25px;\r\n        }\r\n\r\n        .hours-title {\r\n            display: flex;\r\n            align-items: center;\r\n            font-weight: bold;\r\n            margin-bottom: 15px;\r\n            font-size: 16px;\r\n        }\r\n\r\n        .hours-title span { margin-right: 10px; }\r\n\r\n        .row {\r\n            display: flex;\r\n            justify-content: space-between;\r\n            margin-bottom: 8px;\r\n            font-size: 15px;\r\n        }\r\n\r\n        .day { color: #888; }\r\n        .time { font-weight: 500; }\r\n    <\/style>\r\n<\/head>\r\n<body>\r\n\r\n<div class=\"container\">\r\n    <h2>Informaci\u00f3n<\/h2>\r\n    <p class=\"subtitle\">Nuestro equipo est\u00e1 disponible para resolver todas tus dudas.<\/p>\r\n\r\n    <div class=\"contact-item\">\r\n        <div class=\"icon-box bg-purple\">\u2709<\/div>\r\n        <div class=\"info-text\">\r\n            <span>Email<\/span>\r\n            <strong>info@kronoslearning.com<\/strong>\r\n        <\/div>\r\n    <\/div>\r\n\r\n    <div class=\"contact-item\">\r\n        <div class=\"icon-box bg-green\">\ud83d\udcde<\/div>\r\n        <div class=\"info-text\">\r\n            <span>Tel\u00e9fono<\/span>\r\n            <strong>+34 607 323 062<\/strong>\r\n        <\/div>\r\n    <\/div>\r\n\r\n    <div class=\"contact-item\">\r\n        <div class=\"icon-box bg-orange\">\ud83d\udccd<\/div>\r\n        <div class=\"info-text\">\r\n            <span>Ubicaci\u00f3n<\/span>\r\n            <strong>Madrid, Espa\u00f1a<\/strong>\r\n        <\/div>\r\n    <\/div>\r\n\r\n    <div class=\"hours-section\">\r\n        <div class=\"hours-title\">\r\n            <span>\ud83d\udd52<\/span> Horario de atenci\u00f3n\r\n        <\/div>\r\n        <div class=\"row\">\r\n            <div class=\"day\">Lunes - Viernes<\/div>\r\n            <div class=\"time\">9:00 - 18:00<\/div>\r\n        <\/div>\r\n    <\/div>\r\n<\/div>\r\n\r\n<\/body>\r\n<\/html>\t\t\t\t<\/div>\n\t\t\t\t<\/div>\n\t\t<div class=\"elementor-element elementor-element-2d85418 e-con-full e-flex e-con e-child\" data-id=\"2d85418\" data-element_type=\"container\">\n\t\t\t\t<div class=\"elementor-element elementor-element-e92ab27 elementor-widget elementor-widget-htcontactform-addons\" data-id=\"e92ab27\" data-element_type=\"widget\" data-widget_type=\"htcontactform-addons.default\">\n\t\t\t\t<div class=\"elementor-widget-container\">\n\t\t\t\t\t            <div class=\"htcontact-form-wrapper\" >\n                \n<div class=\"wpcf7 no-js\" id=\"wpcf7-f24-o1\" lang=\"es-ES\" dir=\"ltr\" data-wpcf7-id=\"24\">\n<div class=\"screen-reader-response\"><p role=\"status\" aria-live=\"polite\" aria-atomic=\"true\"><\/p> <ul><\/ul><\/div>\n<form action=\"\/index.php\/wp-json\/wp\/v2\/pages\/148#wpcf7-f24-o1\" method=\"post\" class=\"wpcf7-form init\" aria-label=\"Formulario de contacto\" novalidate=\"novalidate\" data-status=\"init\">\n<fieldset class=\"hidden-fields-container\"><input type=\"hidden\" name=\"_wpcf7\" value=\"24\" \/><input type=\"hidden\" name=\"_wpcf7_version\" value=\"6.1.4\" \/><input type=\"hidden\" name=\"_wpcf7_locale\" value=\"es_ES\" \/><input type=\"hidden\" name=\"_wpcf7_unit_tag\" value=\"wpcf7-f24-o1\" \/><input type=\"hidden\" name=\"_wpcf7_container_post\" value=\"0\" \/><input type=\"hidden\" name=\"_wpcf7_posted_data_hash\" value=\"\" \/>\n<\/fieldset>\n<p><label> Curso Seleccionado<br \/>\n<span class=\"wpcf7-form-control-wrap\" data-name=\"curso-seleccionado\"><input size=\"40\" maxlength=\"400\" class=\"wpcf7-form-control wpcf7-text\" id=\"course-display\" readonly=\"readonly\" aria-invalid=\"false\" value=\"Cargando curso...\" type=\"text\" name=\"curso-seleccionado\" \/><\/span><br \/>\n<\/label>\n<\/p>\n<p><label> Tu nombre<br \/>\n<span class=\"wpcf7-form-control-wrap\" data-name=\"your-name\"><input size=\"40\" maxlength=\"400\" class=\"wpcf7-form-control wpcf7-text wpcf7-validates-as-required\" autocomplete=\"name\" aria-required=\"true\" aria-invalid=\"false\" value=\"\" type=\"text\" name=\"your-name\" \/><\/span><br \/>\n<\/label>\n<\/p>\n<p><label> Tu apellido<br \/>\n<span class=\"wpcf7-form-control-wrap\" data-name=\"your-lastname\"><input size=\"40\" maxlength=\"400\" class=\"wpcf7-form-control wpcf7-text wpcf7-validates-as-required\" autocomplete=\"family-name\" aria-required=\"true\" aria-invalid=\"false\" value=\"\" type=\"text\" name=\"your-lastname\" \/><\/span><br \/>\n<\/label>\n<\/p>\n<p><label> Tu correo electr\u00f3nico<br \/>\n<span class=\"wpcf7-form-control-wrap\" data-name=\"your-email\"><input size=\"40\" maxlength=\"400\" class=\"wpcf7-form-control wpcf7-email wpcf7-validates-as-required wpcf7-text wpcf7-validates-as-email\" autocomplete=\"email\" aria-required=\"true\" aria-invalid=\"false\" value=\"\" type=\"email\" name=\"your-email\" \/><\/span><br \/>\n<\/label>\n<\/p>\n<p><label> Tu tel\u00e9fono<br \/>\n<span class=\"wpcf7-form-control-wrap\" data-name=\"tel-749\"><input size=\"40\" maxlength=\"400\" class=\"wpcf7-form-control wpcf7-tel wpcf7-text wpcf7-validates-as-tel\" autocomplete=\"tel\" aria-invalid=\"false\" value=\"\" type=\"tel\" name=\"tel-749\" \/><\/span><br \/>\n<\/label>\n<\/p>\n<p><label> \u00bfEn qu\u00e9 podemos ayudarte?<br \/>\n<span class=\"wpcf7-form-control-wrap\" data-name=\"textarea-549\"><textarea cols=\"40\" rows=\"10\" maxlength=\"2000\" class=\"wpcf7-form-control wpcf7-textarea\" aria-invalid=\"false\" name=\"textarea-549\"><\/textarea><\/span><br \/>\n<\/label><br \/>\n<input class=\"wpcf7-form-control wpcf7-submit has-spinner\" type=\"submit\" value=\"INSCRIBIRME\" \/>\n<\/p><div class=\"wpcf7-response-output\" aria-hidden=\"true\"><\/div>\n<\/form>\n<\/div>\n            <\/div>\n\n        \t\t\t\t<\/div>\n\t\t\t\t<\/div>\n\t\t\t\t<\/div>\n\t\t\t\t<\/div>\n\t\t<div class=\"elementor-element elementor-element-da89692 e-flex e-con-boxed e-con e-parent\" data-id=\"da89692\" data-element_type=\"container\">\n\t\t\t\t\t<div class=\"e-con-inner\">\n\t\t\t\t<div class=\"elementor-element elementor-element-c7681ce elementor-widget elementor-widget-html\" data-id=\"c7681ce\" data-element_type=\"widget\" data-widget_type=\"html.default\">\n\t\t\t\t\t<script>\r\n    \/\/ ESTE SCRIPT DEBE ESTAR DISPONIBLE SOLO EN LA P\u00c1GINA DEL FORMULARIO\r\n    document.addEventListener('DOMContentLoaded', function() {\r\n        \/\/ Retraso para asegurar que CF7 cargue sus campos en el DOM\r\n        setTimeout(function() { \r\n            var selectedCourse = localStorage.getItem('selectedCourse');\r\n            \r\n            if (selectedCourse) {\r\n                \/\/ Rellenar el campo visible (ID: course-display)\r\n                var displayField = document.getElementById('course-display');\r\n                if (displayField) {\r\n                    displayField.value = selectedCourse;\r\n                }\r\n\r\n                \/\/ Rellenar el campo oculto (ID: course-hidden)\r\n                var hiddenField = document.getElementById('course-hidden');\r\n                if (hiddenField) {\r\n                    hiddenField.value = selectedCourse;\r\n                }\r\n                \r\n                \/\/ Limpiamos el almacenamiento local\r\n                localStorage.removeItem('selectedCourse');\r\n            } else {\r\n                \/\/ Si el cliente llega directamente sin hacer clic\r\n                var displayField = document.getElementById('course-display');\r\n                if (displayField) {\r\n                    displayField.value = 'Curso No Especificado (Llegada directa)';\r\n                }\r\n            }\r\n        }, 50); \/\/ Peque\u00f1o retraso de 50ms (a veces necesario para plugins)\r\n    });\r\n<\/script>\t\t\t\t<\/div>\n\t\t\t\t\t<\/div>\n\t\t\t\t<\/div>\n\t\t\t\t<\/div>\n\t\t","protected":false},"excerpt":{"rendered":"<p>SOLICITAR INFORMACI\u00d3N Informaci\u00f3n de Contacto Informaci\u00f3n Nuestro equipo est\u00e1 disponible para resolver todas tus dudas. \u2709 Email info@kronoslearning.com \ud83d\udcde Tel\u00e9fono [&hellip;]<\/p>\n","protected":false},"author":1,"featured_media":0,"parent":0,"menu_order":0,"comment_status":"closed","ping_status":"closed","template":"","meta":{"site-sidebar-layout":"no-sidebar","site-content-layout":"","ast-site-content-layout":"full-width-container","site-content-style":"default","site-sidebar-style":"default","ast-global-header-display":"","ast-banner-title-visibility":"","ast-main-header-display":"","ast-hfb-above-header-display":"","ast-hfb-below-header-display":"","ast-hfb-mobile-header-display":"","site-post-title":"disabled","ast-breadcrumbs-content":"","ast-featured-img":"disabled","footer-sml-layout":"","ast-disable-related-posts":"","theme-transparent-header-meta":"default","adv-header-id-meta":"","stick-header-meta":"","header-above-stick-meta":"","header-main-stick-meta":"","header-below-stick-meta":"","astra-migrate-meta-layouts":"set","ast-page-background-enabled":"default","ast-page-background-meta":{"desktop":{"background-color":"var(--ast-global-color-5)","background-image":"","background-repeat":"repeat","background-position":"center center","background-size":"auto","background-attachment":"scroll","background-type":"","background-media":"","overlay-type":"","overlay-color":"","overlay-opacity":"","overlay-gradient":""},"tablet":{"background-color":"","background-image":"","background-repeat":"repeat","background-position":"center center","background-size":"auto","background-attachment":"scroll","background-type":"","background-media":"","overlay-type":"","overlay-color":"","overlay-opacity":"","overlay-gradient":""},"mobile":{"background-color":"","background-image":"","background-repeat":"repeat","background-position":"center center","background-size":"auto","background-attachment":"scroll","background-type":"","background-media":"","overlay-type":"","overlay-color":"","overlay-opacity":"","overlay-gradient":""}},"ast-content-background-meta":{"desktop":{"background-color":"var(--ast-global-color-4)","background-image":"","background-repeat":"repeat","background-position":"center center","background-size":"auto","background-attachment":"scroll","background-type":"","background-media":"","overlay-type":"","overlay-color":"","overlay-opacity":"","overlay-gradient":""},"tablet":{"background-color":"var(--ast-global-color-4)","background-image":"","background-repeat":"repeat","background-position":"center center","background-size":"auto","background-attachment":"scroll","background-type":"","background-media":"","overlay-type":"","overlay-color":"","overlay-opacity":"","overlay-gradient":""},"mobile":{"background-color":"var(--ast-global-color-4)","background-image":"","background-repeat":"repeat","background-position":"center center","background-size":"auto","background-attachment":"scroll","background-type":"","background-media":"","overlay-type":"","overlay-color":"","overlay-opacity":"","overlay-gradient":""}},"footnotes":""},"class_list":["post-148","page","type-page","status-publish","hentry"],"_links":{"self":[{"href":"https:\/\/kronoslearning.es\/index.php\/wp-json\/wp\/v2\/pages\/148","targetHints":{"allow":["GET"]}}],"collection":[{"href":"https:\/\/kronoslearning.es\/index.php\/wp-json\/wp\/v2\/pages"}],"about":[{"href":"https:\/\/kronoslearning.es\/index.php\/wp-json\/wp\/v2\/types\/page"}],"author":[{"embeddable":true,"href":"https:\/\/kronoslearning.es\/index.php\/wp-json\/wp\/v2\/users\/1"}],"replies":[{"embeddable":true,"href":"https:\/\/kronoslearning.es\/index.php\/wp-json\/wp\/v2\/comments?post=148"}],"version-history":[{"count":14,"href":"https:\/\/kronoslearning.es\/index.php\/wp-json\/wp\/v2\/pages\/148\/revisions"}],"predecessor-version":[{"id":324,"href":"https:\/\/kronoslearning.es\/index.php\/wp-json\/wp\/v2\/pages\/148\/revisions\/324"}],"wp:attachment":[{"href":"https:\/\/kronoslearning.es\/index.php\/wp-json\/wp\/v2\/media?parent=148"}],"curies":[{"name":"wp","href":"https:\/\/api.w.org\/{rel}","templated":true}]}}