{"id":187,"date":"2026-02-02T11:34:22","date_gmt":"2026-02-02T11:34:22","guid":{"rendered":"https:\/\/kronoslearning.es\/?page_id=187"},"modified":"2026-02-02T12:24:18","modified_gmt":"2026-02-02T12:24:18","slug":"aviso-legal","status":"publish","type":"page","link":"https:\/\/kronoslearning.es\/index.php\/aviso-legal\/","title":{"rendered":"Aviso Legal"},"content":{"rendered":"\t\t<div data-elementor-type=\"wp-page\" data-elementor-id=\"187\" class=\"elementor elementor-187\" data-elementor-post-type=\"page\">\n\t\t\t\t<div class=\"elementor-element elementor-element-10b1fd0 e-flex e-con-boxed e-con e-parent\" data-id=\"10b1fd0\" data-element_type=\"container\">\n\t\t\t\t\t<div class=\"e-con-inner\">\n\t\t<div class=\"elementor-element elementor-element-8b26618 e-con-full e-flex e-con e-child\" data-id=\"8b26618\" data-element_type=\"container\">\n\t\t\t\t<div class=\"elementor-element elementor-element-b4580ac elementor-widget elementor-widget-html\" data-id=\"b4580ac\" data-element_type=\"widget\" data-widget_type=\"html.default\">\n\t\t\t\t\t<!DOCTYPE html>\r\n<html lang=\"es\">\r\n<head>\r\n    <meta charset=\"UTF-8\">\r\n    <meta name=\"viewport\" content=\"width=device-width, initial-scale=1.0\">\r\n    <title>Aviso Legal - Melit<\/title>\r\n    <script src=\"https:\/\/cdn.tailwindcss.com\"><\/script>\r\n    <link href=\"https:\/\/fonts.googleapis.com\/css2?family=Inter:wght@300;400;500;600;700&display=swap\" rel=\"stylesheet\">\r\n    <style>\r\n        body { font-family: 'Inter', sans-serif; scroll-behavior: smooth; }\r\n    <\/style>\r\n<\/head>\r\n<body class=\"bg-slate-50 text-slate-700\">\r\n\r\n    <header class=\"bg-white border-b border-slate-200 py-10\">\r\n        <div class=\"max-w-4xl mx-auto px-6\">\r\n            <h1 class=\"text-4xl font-bold text-slate-900 tracking-tight\">Aviso Legal<\/h1>\r\n            <p class=\"mt-2 text-slate-500\">\u00daltima actualizaci\u00f3n: 19 de enero, 2026<\/p>\r\n        <\/div>\r\n    <\/header>\r\n\r\n    <main class=\"max-w-4xl mx-auto px-6 py-16\">\r\n        <div class=\"bg-white rounded-2xl border border-slate-200 shadow-sm p-8 md:p-12 space-y-12\">\r\n            \r\n            <section>\r\n                <h2 class=\"text-xl font-bold text-slate-900 mb-4 flex items-center gap-3\">\r\n                    <span class=\"w-8 h-8 bg-blue-50 text-blue-600 rounded-lg flex items-center justify-center text-sm\">01<\/span>\r\n                    Datos Identificativos\r\n                <\/h2>\r\n                <div class=\"pl-11 space-y-3 text-slate-600 leading-relaxed\">\r\n                    <p>En cumplimiento con el deber de informaci\u00f3n recogido en art\u00edculo 10 de la Ley 34\/2002, de 11 de julio, de Servicios de la Sociedad de la Informaci\u00f3n y del Comercio Electr\u00f3nico, a continuaci\u00f3n se reflejan los siguientes datos:<\/p>\r\n                    <ul class=\"list-disc pl-5 space-y-1\">\r\n                        <li><strong>Titular:<\/strong> Melit Technologies S.L.<\/li>\r\n                        <li><strong>NIF:<\/strong> B00000000<\/li>\r\n                        <li><strong>Domicilio:<\/strong> Calle Ejemplo 123, Madrid, Espa\u00f1a.<\/li>\r\n                        <li><strong>Email:<\/strong> contacto@melit.es<\/li>\r\n                    <\/ul>\r\n                <\/div>\r\n            <\/section>\r\n\r\n            <section>\r\n                <h2 class=\"text-xl font-bold text-slate-900 mb-4 flex items-center gap-3\">\r\n                    <span class=\"w-8 h-8 bg-blue-50 text-blue-600 rounded-lg flex items-center justify-center text-sm\">02<\/span>\r\n                    Usuarios\r\n                <\/h2>\r\n                <p class=\"pl-11 text-slate-600 leading-relaxed\">\r\n                    El acceso y\/o uso de este portal de Melit atribuye la condici\u00f3n de USUARIO, que acepta, desde dicho acceso y\/o uso, las Condiciones Generales de Uso aqu\u00ed reflejadas. Las citadas Condiciones ser\u00e1n de aplicaci\u00f3n independientemente de las Condiciones Generales de Contrataci\u00f3n que en su caso resulten de obligado cumplimiento.\r\n                <\/p>\r\n            <\/section>\r\n\r\n            <section>\r\n                <h2 class=\"text-xl font-bold text-slate-900 mb-4 flex items-center gap-3\">\r\n                    <span class=\"w-8 h-8 bg-blue-50 text-blue-600 rounded-lg flex items-center justify-center text-sm\">03<\/span>\r\n                    Propiedad Intelectual\r\n                <\/h2>\r\n                <p class=\"pl-11 text-slate-600 leading-relaxed\">\r\n                    Melit por s\u00ed o como cesionaria, es titular de todos los derechos de propiedad intelectual e industrial de su p\u00e1gina web, as\u00ed como de los elementos contenidos en la misma (a t\u00edtulo enunciativo, im\u00e1genes, sonido, audio, v\u00eddeo, software o textos; marcas o logotipos, combinaciones de colores, estructura y dise\u00f1o).\r\n                <\/p>\r\n            <\/section>\r\n\r\n            <section>\r\n                <h2 class=\"text-xl font-bold text-slate-900 mb-4 flex items-center gap-3\">\r\n                    <span class=\"w-8 h-8 bg-blue-50 text-blue-600 rounded-lg flex items-center justify-center text-sm\">04<\/span>\r\n                    Exclusi\u00f3n de Garant\u00edas y Responsabilidad\r\n                <\/h2>\r\n                <p class=\"pl-11 text-slate-600 leading-relaxed\">\r\n                    Melit no se hace responsable, en ning\u00fan caso, de los da\u00f1os y perjuicios de cualquier naturaleza que pudieran ocasionar, a t\u00edtulo enunciativo: errores u omisiones en los contenidos, falta de disponibilidad del portal o la transmisi\u00f3n de virus o programas maliciosos o lesivos en los contenidos, a pesar de haber adoptado todas las medidas tecnol\u00f3gicas necesarias para evitarlo.\r\n                <\/p>\r\n            <\/section>\r\n\r\n        <\/div>\r\n    <\/main>\r\n\r\n<\/body>\r\n<\/html>\t\t\t\t<\/div>\n\t\t\t\t<\/div>\n\t\t\t\t\t<\/div>\n\t\t\t\t<\/div>\n\t\t\t\t<\/div>\n\t\t","protected":false},"excerpt":{"rendered":"<p>&nbsp; &nbsp; Aviso Legal \u00daltima actualizaci\u00f3n: 19 de enero, 2026 &nbsp; 01 Datos Identificativos En cumplimiento con el deber de [&hellip;]<\/p>\n","protected":false},"author":1,"featured_media":0,"parent":0,"menu_order":0,"comment_status":"closed","ping_status":"closed","template":"","meta":{"site-sidebar-layout":"no-sidebar","site-content-layout":"","ast-site-content-layout":"full-width-container","site-content-style":"default","site-sidebar-style":"default","ast-global-header-display":"","ast-banner-title-visibility":"","ast-main-header-display":"","ast-hfb-above-header-display":"","ast-hfb-below-header-display":"","ast-hfb-mobile-header-display":"","site-post-title":"disabled","ast-breadcrumbs-content":"","ast-featured-img":"disabled","footer-sml-layout":"","ast-disable-related-posts":"","theme-transparent-header-meta":"default","adv-header-id-meta":"","stick-header-meta":"","header-above-stick-meta":"","header-main-stick-meta":"","header-below-stick-meta":"","astra-migrate-meta-layouts":"set","ast-page-background-enabled":"default","ast-page-background-meta":{"desktop":{"background-color":"var(--ast-global-color-5)","background-image":"","background-repeat":"repeat","background-position":"center center","background-size":"auto","background-attachment":"scroll","background-type":"","background-media":"","overlay-type":"","overlay-color":"","overlay-opacity":"","overlay-gradient":""},"tablet":{"background-color":"","background-image":"","background-repeat":"repeat","background-position":"center center","background-size":"auto","background-attachment":"scroll","background-type":"","background-media":"","overlay-type":"","overlay-color":"","overlay-opacity":"","overlay-gradient":""},"mobile":{"background-color":"","background-image":"","background-repeat":"repeat","background-position":"center center","background-size":"auto","background-attachment":"scroll","background-type":"","background-media":"","overlay-type":"","overlay-color":"","overlay-opacity":"","overlay-gradient":""}},"ast-content-background-meta":{"desktop":{"background-color":"var(--ast-global-color-4)","background-image":"","background-repeat":"repeat","background-position":"center center","background-size":"auto","background-attachment":"scroll","background-type":"","background-media":"","overlay-type":"","overlay-color":"","overlay-opacity":"","overlay-gradient":""},"tablet":{"background-color":"var(--ast-global-color-4)","background-image":"","background-repeat":"repeat","background-position":"center center","background-size":"auto","background-attachment":"scroll","background-type":"","background-media":"","overlay-type":"","overlay-color":"","overlay-opacity":"","overlay-gradient":""},"mobile":{"background-color":"var(--ast-global-color-4)","background-image":"","background-repeat":"repeat","background-position":"center center","background-size":"auto","background-attachment":"scroll","background-type":"","background-media":"","overlay-type":"","overlay-color":"","overlay-opacity":"","overlay-gradient":""}},"footnotes":""},"class_list":["post-187","page","type-page","status-publish","hentry"],"_links":{"self":[{"href":"https:\/\/kronoslearning.es\/index.php\/wp-json\/wp\/v2\/pages\/187","targetHints":{"allow":["GET"]}}],"collection":[{"href":"https:\/\/kronoslearning.es\/index.php\/wp-json\/wp\/v2\/pages"}],"about":[{"href":"https:\/\/kronoslearning.es\/index.php\/wp-json\/wp\/v2\/types\/page"}],"author":[{"embeddable":true,"href":"https:\/\/kronoslearning.es\/index.php\/wp-json\/wp\/v2\/users\/1"}],"replies":[{"embeddable":true,"href":"https:\/\/kronoslearning.es\/index.php\/wp-json\/wp\/v2\/comments?post=187"}],"version-history":[{"count":5,"href":"https:\/\/kronoslearning.es\/index.php\/wp-json\/wp\/v2\/pages\/187\/revisions"}],"predecessor-version":[{"id":318,"href":"https:\/\/kronoslearning.es\/index.php\/wp-json\/wp\/v2\/pages\/187\/revisions\/318"}],"wp:attachment":[{"href":"https:\/\/kronoslearning.es\/index.php\/wp-json\/wp\/v2\/media?parent=187"}],"curies":[{"name":"wp","href":"https:\/\/api.w.org\/{rel}","templated":true}]}}