{"id":244,"date":"2026-02-02T12:19:58","date_gmt":"2026-02-02T12:19:58","guid":{"rendered":"https:\/\/kronoslearning.es\/?page_id=244"},"modified":"2026-02-02T12:23:27","modified_gmt":"2026-02-02T12:23:27","slug":"politica-de-cookies","status":"publish","type":"page","link":"https:\/\/kronoslearning.es\/index.php\/politica-de-cookies\/","title":{"rendered":"Pol\u00edtica de Cookies"},"content":{"rendered":"\t\t<div data-elementor-type=\"wp-page\" data-elementor-id=\"244\" class=\"elementor elementor-244\" data-elementor-post-type=\"page\">\n\t\t\t\t<div class=\"elementor-element elementor-element-08debef e-flex e-con-boxed e-con e-parent\" data-id=\"08debef\" data-element_type=\"container\">\n\t\t\t\t\t<div class=\"e-con-inner\">\n\t\t<div class=\"elementor-element elementor-element-5177b39 e-con-full e-flex e-con e-child\" data-id=\"5177b39\" data-element_type=\"container\">\n\t\t\t\t<div class=\"elementor-element elementor-element-783eeb7 elementor-widget elementor-widget-text-editor\" data-id=\"783eeb7\" data-element_type=\"widget\" data-widget_type=\"text-editor.default\">\n\t\t\t\t\t\t\t\t\t<p><span style=\"font-weight: 400; color: #000000;\">MELIT TECHNOLOGIES S.L. comunica a los usuarios, a trav\u00e9s de este aviso, que puede utilizar cookies cuando el usuario navega por las diferentes pantallas y p\u00e1ginas del sitio.<\/span><\/p><p><span style=\"font-weight: 400; color: #000000;\">A trav\u00e9s del fald\u00f3n de la pantalla principal de nuestro sitio web puede aceptar o rechazar el uso de cookies, de acuerdo con nuestra Pol\u00edtica de Privacidad. En caso de no aceptar cookies, solo se instalar\u00e1n las m\u00ednimas necesarias para el funcionamiento de la web.<\/span><\/p><p><span style=\"color: #000000;\"><b>\u00bfQu\u00e9 son las cookies?<\/b><\/span><\/p><p><span style=\"font-weight: 400; color: #000000;\">Una cookie es un archivo de texto muy peque\u00f1o que un servidor Web puede guardar en el navegador de un equipo para almacenar alg\u00fan tipo de informaci\u00f3n sobre el usuario. La cookie identifica el equipo de forma \u00fanica, y s\u00f3lo puede ser le\u00edda por el sitio Web que lo envi\u00f3 al equipo.\u00a0<\/span><\/p><p><span style=\"font-weight: 400; color: #000000;\">Una cookie no es un archivo ejecutable ni un programa y por lo tanto no puede propagar o contener un virus u otro software malicioso, ni puede tener una longitud superior a 4.000 caracteres.\u00a0<\/span><\/p><p><span style=\"color: #000000;\"><b>\u00bfPara qu\u00e9 sirven las cookies?<\/b><\/span><\/p><p><span style=\"font-weight: 400; color: #000000;\">La utilizaci\u00f3n de las cookies tiene como finalidad recordar las preferencias del usuario (idioma, pa\u00eds, inicio de sesi\u00f3n, caracter\u00edsticas de su navegador, informaci\u00f3n de uso de nuestra Web, etc.).<\/span><\/p><p><span style=\"font-weight: 400; color: #000000;\">Recordando sus preferencias no tendremos que, por ejemplo, preguntarle por su pa\u00eds cada vez que visite nuestra Web. Sabremos las caracter\u00edsticas del Sistema Operativo y el navegador del dispositivo que se est\u00e1 usando y as\u00ed podremos ofrecerle una mejor experiencia de navegaci\u00f3n.\u00a0<\/span><\/p><p><span style=\"font-weight: 400; color: #000000;\">Las cookies pueden ayudar a nuestro sitio Web a distinguir el navegador del usuario como visitante anterior y as\u00ed guardar y recordar las preferencias que puedan haberse establecido mientras el usuario estaba navegando por el sitio, personalizar las p\u00e1ginas de inicio, identificar qu\u00e9 sectores de un sitio han sido visitados o mantener un registro de selecciones en un \u00abcarro de compra\u00bb entre otros.<\/span><\/p><p><span style=\"font-weight: 400; color: #000000;\">MELIT TECHNOLOGIES S.L. puede utilizar las cookies con el objeto de reconocer a los usuarios que hayan accedido a nuestro sitio web y poder ofrecerles un mejor servicio y m\u00e1s personalizado. Asimismo, pueden ser utilizadas para obtener informaci\u00f3n acerca de la fecha y hora de la \u00faltima visita del usuario, medir algunos par\u00e1metros de tr\u00e1fico dentro del propio site y estimar el n\u00famero de visitas realizadas, de manera que MELIT TECHNOLOGIES S.L. pueda enfocar y ajustar los servicios y promociones de forma m\u00e1s efectiva.<\/span><\/p><p><span style=\"font-weight: 400; color: #000000;\">Normalmente los sitios Web utilizan las cookies para obtener informaci\u00f3n estad\u00edstica sobre sus p\u00e1ginas Web. Tenga en cuenta que recogemos datos sobre sus movimientos y uso de nuestra Web como datos estad\u00edsticos, no personales.<\/span><\/p><p><span style=\"color: #000000;\"><b>Tipos de cookies<\/b><\/span><\/p><p><span style=\"font-weight: 400; color: #000000;\">Las cookies se pueden clasificar en funci\u00f3n a la entidad que las gestione, el tiempo que \u00e9stas permanecen activas o seg\u00fan su finalidad. En algunas ocasiones podremos comprobar que una misma cookie puede estar incluida dentro de m\u00e1s de una categor\u00eda.<\/span><\/p><p><span style=\"font-weight: 400; color: #000000;\">En funci\u00f3n a su propiedad<\/span><\/p><ul><li style=\"list-style-type: none;\"><ul><li style=\"font-weight: 400;\" aria-level=\"1\"><span style=\"color: #000000;\"><b>Cookies propias<\/b><span style=\"font-weight: 400;\">: Son aquellas que se env\u00edan al equipo del usuario desde un equipo o dominio gestionado por MELIT TECHNOLOGIES S.L..\u00a0\u00a0<\/span><\/span><\/li><\/ul><\/li><\/ul><ul><li aria-level=\"1\"><span style=\"color: #000000;\"><b>Cookies de terceros: <\/b><span style=\"font-weight: 400;\">Son aqu\u00e9llas que se env\u00edan al equipo terminal del usuario desde un equipo o dominio que no es gestionado por el editor, sino por otra entidad que trata los datos obtenidos trav\u00e9s de las cookies.<\/span><\/span><\/li><\/ul><p><span style=\"font-weight: 400; color: #000000;\">En funci\u00f3n a su tiempo de vida<\/span><\/p><ul><li style=\"font-weight: 400;\" aria-level=\"1\"><span style=\"color: #000000;\"><b>Cookies de sesi\u00f3n<\/b><span style=\"font-weight: 400;\">: Son aquellas que recaban datos mientras que el usuario est\u00e1 navegando por la p\u00e1gina web.\u00a0<\/span><\/span><\/li><li style=\"font-weight: 400;\" aria-level=\"1\"><span style=\"color: #000000;\"><b>Cookies persistentes<\/b><span style=\"font-weight: 400;\">: Son aquellas en las que los datos siguen almacenados en el terminal y pueden ser accedidos y tratados durante un periodo definido por el responsable de la cookie, y que puede ir de unos minutos a varios a\u00f1os.<\/span><\/span><\/li><\/ul><p><span style=\"font-weight: 400; color: #000000;\">En funci\u00f3n a su finalidad<\/span><\/p><ul><li style=\"font-weight: 400;\" aria-level=\"1\"><span style=\"color: #000000;\"><b>Cookies t\u00e9cnicas<\/b><span style=\"font-weight: 400;\">: Son aquellas que se usan de forma internas y que son necesarias para el funcionamiento de la web.\u00a0<\/span><\/span><\/li><li style=\"font-weight: 400;\" aria-level=\"1\"><span style=\"color: #000000;\"><b>Cookies anal\u00edticas<\/b><span style=\"font-weight: 400;\">: Son aquellas que permiten recabar informaci\u00f3n estad\u00edstica sobre la actividad de los usuarios. Dicha informaci\u00f3n se recopila de forma an\u00f3nima y permite optimizar la navegaci\u00f3n por la nuestra web con el fin de garantizar un mejor servicio al usuario.<\/span><\/span><\/li><li style=\"font-weight: 400;\" aria-level=\"1\"><span style=\"color: #000000;\"><b>Cookies de personalizaci\u00f3n<\/b><span style=\"font-weight: 400;\">: Son aquellas que permiten al usuario acceder al servicio con algunas caracter\u00edsticas de car\u00e1cter general predefinidas en funci\u00f3n de una serie de criterios en el terminal del usuario como por ejemplo serian el idioma, el tipo de navegador a trav\u00e9s del cual accede al servicio, la configuraci\u00f3n regional desde donde accede al servicio, etc.\u00a0<\/span><\/span><\/li><li style=\"font-weight: 400;\" aria-level=\"1\"><span style=\"color: #000000;\"><b>Cookies publicitarias<\/b><span style=\"font-weight: 400;\">: Son aqu\u00e9llas que permiten la gesti\u00f3n, de la forma m\u00e1s eficaz posible, de los espacios publicitarios que, en su caso, el editor haya incluido en una p\u00e1gina web, aplicaci\u00f3n o plataforma desde la que presta el servicio solicitado en base a criterios como el contenido editado o la frecuencia en la que se muestran los anuncios.<\/span><\/span><\/li><li style=\"font-weight: 400;\" aria-level=\"1\"><span style=\"color: #000000;\"><b>Cookies de publicidad comportamental: <\/b><span style=\"font-weight: 400;\">Son aqu\u00e9llas que permiten la gesti\u00f3n, de la forma m\u00e1s eficaz posible, de los espacios publicitarios que, en su caso, el editor haya incluido en una p\u00e1gina web, aplicaci\u00f3n o plataforma desde la que presta el servicio solicitado. Estas cookies almacenan informaci\u00f3n del comportamiento de los usuarios obtenida a trav\u00e9s de la observaci\u00f3n continuada de sus h\u00e1bitos de navegaci\u00f3n, lo que permite desarrollar un perfil espec\u00edfico para mostrar publicidad en funci\u00f3n del mismo.<\/span><\/span><\/li><\/ul><p><span style=\"color: #000000;\"><b>Finalidades de las cookies.<\/b><\/span><\/p><p><span style=\"font-weight: 400; color: #000000;\">A continuaci\u00f3n, se presenta una lista de las cookies que puede encontrar en nuestro sitio Web y una breve descripci\u00f3n de su finalidad. Le aseguramos que ninguna de ellas conserva informaci\u00f3n de identificaci\u00f3n personal sobre usted. Algunas cookies personalizan su visita, otras recuerdan sus preferencias, mientras que otras solo nos proveen estad\u00edsticas de los visitantes.<\/span><\/p><p><span style=\"font-weight: 400; color: #000000;\">MELIT TECHNOLOGIES S.L. emplea cookies de almacenamiento local, y entendemos por estas, cualquier fichero creado por la web en su dispositivo de navegaci\u00f3n. Las cookies son una forma de almacenamiento local, pero existen otras. Es importante que las conozca para que pueda impedir su uso o bien borrar la informaci\u00f3n almacenada en su dispositivo:<\/span><\/p><p><span style=\"font-weight: 400; color: #000000;\">Almacenamiento local del navegador. Algunas webs utilizan almacenamientos locales llamados \u201csessionStorage\u201d y \u201clocalStorage\u201d para guardar informaci\u00f3n; \u201csessionStorage\u201d se borra autom\u00e1ticamente cuando cierra el programa navegador, pero para borrar el \u201clocalStorage\u201d debe borrar el historial del navegador.<\/span><\/p><p><span style=\"font-weight: 400; color: #000000;\">Adem\u00e1s, su navegador tambi\u00e9n puede almacenar de forma autom\u00e1tica informaci\u00f3n en su dispositivo, por ejemplo: El historial de p\u00e1ginas visitadas. Contiene la relaci\u00f3n de p\u00e1ginas que has visitado anteriormente.<\/span><\/p><p><span style=\"font-weight: 400; color: #000000;\">La memoria de formularios y contrase\u00f1as. Muchos navegadores memorizan los datos que introduce en los formularios web (por ejemplo, su email, su n\u00famero de tarjeta de cr\u00e9dito o su contrase\u00f1a de acceso a una p\u00e1gina). para que no tenga que volver a escribirlos.<\/span><\/p><p><span style=\"font-weight: 400; color: #000000;\">La memoria cach\u00e9 del navegador, que contiene una copia de las p\u00e1ginas visitadas anteriormente para acelerar su visualizaci\u00f3n si vuelves a acceder m\u00e1s adelante. El historial de navegaci\u00f3n, la memoria del navegador y la cach\u00e9 est\u00e1n fuera de nuestro control. Es importante que borre toda esa informaci\u00f3n si utiliza un dispositivo que no es suyo (por ejemplo, el tel\u00e9fono inteligente de otra persona o un ordenador p\u00fablico).<\/span><\/p><p><span style=\"font-weight: 400; color: #000000;\">Este sitio web emplea cookies propias, pertenecientes a tal dominio con la finalidad de atender a su solicitud de informaci\u00f3n.\u00a0<\/span><\/p><p><span style=\"font-weight: 400; color: #000000;\">En caso de querer deshabilitar las cookies aceptadas, bien desde nuestro banner o en la parte superior izquierda del sitio web, en el candado, accedemos a cookies del sitio web, luego a Gestionar cookies del sitio y datos del sitio y ah\u00ed podr\u00e1s habilitar o deshabilitar el uso de estas.<\/span><\/p><table><tbody><tr><td><p><span style=\"color: #000000;\"><b>Cookie<\/b><\/span><\/p><\/td><td><p><span style=\"color: #000000;\"><b>Finalidad<\/b><\/span><\/p><\/td><td><p><span style=\"color: #000000;\"><b>Fuente<\/b><\/span><\/p><\/td><td><p><span style=\"color: #000000;\"><b>Duraci\u00f3n<\/b><\/span><\/p><\/td><td><p><span style=\"color: #000000;\"><b>Descripci\u00f3n<\/b><\/span><\/p><\/td><\/tr><tr><td><p><span style=\"font-weight: 400; color: #000000;\">_ga<\/span><\/p><\/td><td><p><span style=\"font-weight: 400; color: #000000;\">An\u00e1lisis<\/span><\/p><\/td><td><p><span style=\"font-weight: 400; color: #000000;\">Google Analytics<\/span><\/p><\/td><td><p><span style=\"font-weight: 400; color: #000000;\">2 a\u00f1os<\/span><\/p><\/td><td><p><span style=\"font-weight: 400; color: #000000;\">Generar un identificador de usuario \u00fanico, que es el que se utiliza para hacer recuento de cu\u00e1ntas veces visita el sitio un usuario, as\u00ed como la fecha de la primera y la \u00faltima vez que visit\u00f3 la web. Registrar la fecha y hora de acceso a cualquiera de las p\u00e1ginas del Sitio. Comprobar la necesidad de mantener la sesi\u00f3n de un usuario abierta o crear una nueva. Identificar la sesi\u00f3n del usuario, para recoger la ubicaci\u00f3n geogr\u00e1fica aproximada del ordenador que accede al Sitio con efectos estad\u00edsticos.<\/span><\/p><\/td><\/tr><tr><td><p><span style=\"font-weight: 400; color: #000000;\">_gat<\/span><\/p><\/td><td><p><span style=\"font-weight: 400; color: #000000;\">An\u00e1lisis<\/span><\/p><\/td><td><p><span style=\"font-weight: 400; color: #000000;\">Google Analytics<\/span><\/p><\/td><td><p><span style=\"font-weight: 400; color: #000000;\">Finalizaci\u00f3n de sesi\u00f3n<\/span><\/p><\/td><td><p><span style=\"font-weight: 400; color: #000000;\">Generar un identificador de usuario \u00fanico, que es el que se utiliza para hacer recuento de cu\u00e1ntas veces visita el sitio un usuario, as\u00ed como la fecha de la primera y la \u00faltima vez que visit\u00f3 la web. Registrar la fecha y hora de acceso a cualquiera de las p\u00e1ginas del Sitio. Comprobar la necesidad de mantener la sesi\u00f3n de un usuario abierta o crear una nueva. Identificar la sesi\u00f3n del usuario, para recoger la ubicaci\u00f3n geogr\u00e1fica aproximada del ordenador que accede al Sitio con efectos estad\u00edsticos.<\/span><\/p><\/td><\/tr><tr><td><p><span style=\"font-weight: 400; color: #000000;\">_gid<\/span><\/p><\/td><td><p><span style=\"font-weight: 400; color: #000000;\">An\u00e1lisis<\/span><\/p><\/td><td><p><span style=\"font-weight: 400; color: #000000;\">Google Analytics<\/span><\/p><\/td><td><p><span style=\"font-weight: 400; color: #000000;\">24 horas<\/span><\/p><\/td><td><p><span style=\"font-weight: 400; color: #000000;\">Generar un identificador de usuario \u00fanico, que es el que se utiliza para hacer recuento de cu\u00e1ntas veces visita el sitio un usuario, as\u00ed como la fecha de la primera y la \u00faltima vez que visit\u00f3 la web. Registrar la fecha y hora de acceso a cualquiera de las p\u00e1ginas del Sitio. Comprobar la necesidad de mantener la sesi\u00f3n de un usuario abierta o crear una nueva. Identificar la sesi\u00f3n del usuario, para recoger la ubicaci\u00f3n geogr\u00e1fica aproximada del ordenador que accede al Sitio con efectos estad\u00edsticos.<\/span><\/p><\/td><\/tr><\/tbody><\/table><p><span style=\"color: #000000;\"><b>Salvaguardas de protecci\u00f3n.<\/b><\/span><\/p><p><span style=\"font-weight: 400; color: #000000;\">El usuario puede decidir si aceptar, o no, las cookies empleadas por el sitio web, adem\u00e1s, puede configurar el navegador para que le avise cuando un servidor quiera guardar una cookie o borrarlas de su ordenador. En caso de aceptar cookies de terceros y se desea retirar el consentimiento sobre las mismas, el Usuario puede encontrar las instrucciones en la configuraci\u00f3n de seguridad en su navegador Web.<\/span><\/p><p><span style=\"color: #000000;\"><span style=\"font-weight: 400;\">En el caso de las cookies de Google Analytics, esta empresa almacena las cookies en servidores ubicados en Estados Unidos y se compromete a no compartirla con terceros, excepto en los casos en los que sea necesario para el funcionamiento del sistema o cuando la ley obligue a tal efecto. Si desea impedir que Google Analytics recopile estad\u00edsticas de seguridad visite el siguiente enlace: <\/span><a style=\"color: #000000;\" href=\"https:\/\/tools.google.com\/dlpage\/gaoptout\" target=\"_blank\" rel=\"noopener\"><span style=\"font-weight: 400;\">https:\/\/tools.google.com\/dlpage\/gaoptout<\/span><\/a><\/span><\/p><p><span style=\"font-weight: 400; color: #000000;\">Ejemplos:<\/span><\/p><ul><li style=\"font-weight: 400;\" aria-level=\"1\"><span style=\"font-weight: 400; color: #000000;\">Si utiliza Microsoft Internet Explorer, en la opci\u00f3n de men\u00fa Herramientas &gt; Opciones de Internet &gt; Privacidad &gt; Configuraci\u00f3n.<\/span><\/li><li style=\"font-weight: 400;\" aria-level=\"1\"><span style=\"font-weight: 400; color: #000000;\">Si utiliza Firefox, en la opci\u00f3n de men\u00fa Herramientas &gt; Opciones &gt; Privacidad &gt; Cookies.<\/span><\/li><li style=\"font-weight: 400;\" aria-level=\"1\"><span style=\"font-weight: 400; color: #000000;\">Si utiliza Google Chrome, en la opci\u00f3n de men\u00fa Configuraci\u00f3n &gt; Privacidad.<\/span><\/li><li style=\"font-weight: 400;\" aria-level=\"1\"><span style=\"font-weight: 400; color: #000000;\">Si utiliza Safari, en la opci\u00f3n de men\u00fa Preferencias &gt; Seguridad.<\/span><\/li><li style=\"font-weight: 400;\" aria-level=\"1\"><span style=\"font-weight: 400; color: #000000;\">Si utiliza \u00d3pera,.&gt; Configuraci\u00f3n &gt; Eliminar informaci\u00f3n personal.<\/span><\/li><li style=\"font-weight: 400;\" aria-level=\"1\"><span style=\"font-weight: 400; color: #000000;\">Si utiliza un explorador nativo de su terminal m\u00f3vil, Ajustes &gt; Borrar datos o Privacidad y Seguridad*\u00a0<\/span><\/li><\/ul><p><span style=\"font-weight: 400; color: #000000;\">*Puede diferir en funci\u00f3n al modelo de versi\u00f3n del sistema operativo.<\/span><\/p><p><span style=\"font-weight: 400; color: #000000;\">Puede hacer uso de la secci\u00f3n \u201cAyuda\u201d que encontrar\u00e1 en la barra de herramientas de la mayor\u00eda de navegadores para cambiar los ajustes de su ordenador, sin embargo, algunas de las caracter\u00edsticas de nuestros servicios online pueden no funcionar o pueden resultar m\u00e1s complicadas de acceder si rechaza todas las cookies.<\/span><\/p><p><span style=\"font-weight: 400; color: #000000;\">Muchos navegadores permiten activar un modo privado mediante el cual las cookies se borran siempre despu\u00e9s de su visita. Dependiendo de cada navegador, este modo privado puede tener diferentes nombres, abajo puede encontrar una lista de los navegadores m\u00e1s comunes y los diferentes nombres de este \u201cmodo privado\u201d:<\/span><\/p><p><span style=\"font-weight: 400; color: #000000;\">&#8211; Internet Explorer 8 y superior: InPrivate<\/span><\/p><p><span style=\"font-weight: 400; color: #000000;\">&#8211; FireFox 3.5 y superior: Navegaci\u00f3n Privada<\/span><\/p><p><span style=\"font-weight: 400; color: #000000;\">&#8211; Google Chrome 10 y superior: Inc\u00f3gnito\u00a0<\/span><\/p><p><span style=\"font-weight: 400; color: #000000;\">&#8211; Safari 2 y superior: Navegaci\u00f3n Privada<\/span><\/p><p><span style=\"font-weight: 400; color: #000000;\">&#8211; Opera 10.5 y superior: Navegaci\u00f3n Privada<\/span><\/p><p><span style=\"font-weight: 400; color: #000000;\">&#8211; Navegador: Pesta\u00f1a de inc\u00f3gnito<\/span><\/p><p><span style=\"font-weight: 400; color: #000000;\">Por favor, lea atentamente la secci\u00f3n de ayuda de su navegador para conocer m\u00e1s acerca de c\u00f3mo activar el \u201cmodo privado\u201d. Podr\u00e1 seguir visitando nuestra Web, aunque su navegador est\u00e9 en \u201cmodo privado\u201d, no obstante, la experiencia de usuario puede no ser \u00f3ptima y algunas utilidades pueden no funcionar.<\/span><\/p><p><span style=\"font-weight: 400; color: #000000;\">Adem\u00e1s, tambi\u00e9n puede gestionar el almac\u00e9n de cookies en su navegador a trav\u00e9s de herramientas como las siguientes:<\/span><\/p><p><span style=\"color: #000000;\"><span style=\"font-weight: 400;\">&#8211;<\/span> <span style=\"font-weight: 400;\">Ghostery: www.ghostery.com\/\u00a0<\/span><\/span><\/p><p><span style=\"color: #000000;\"><span style=\"font-weight: 400;\">&#8211;<\/span> <span style=\"font-weight: 400;\">Your online choices: www.youronlinechoices.com\/es\/\u00a0\u00a0<\/span><\/span><\/p><p><span style=\"font-weight: 400; color: #000000;\">MELIT TECHNOLOGIES S.L. le agradece que active la aceptaci\u00f3n de cookies, esto nos ayuda a obtener datos m\u00e1s precisos que nos permiten mejorar el contenido y el dise\u00f1o de nuestra p\u00e1gina Web para adaptarlo a sus preferencias.<\/span><\/p><p><span style=\"font-weight: 400; color: #000000;\">Adicionalmente, MELIT TECHNOLOGIES S.L. tiene presencia en portales y servicios de terceros para los que, si se desea conocer las condiciones de privacidad y uso de cookies, deber\u00e1 consultar las pol\u00edticas proporcionadas por los mismos:\u00a0<\/span><\/p><ul><li><span style=\"font-weight: 400; color: #000000;\">Facebook: https:\/\/es-es.facebook.com\/help\/cookies<\/span><\/li><li><span style=\"font-weight: 400; color: #000000;\">Twitter: https:\/\/twitter.com\/privacy<\/span><\/li><li><span style=\"font-weight: 400; color: #000000;\">YouTube: https:\/\/www.google.es\/intl\/es\/policies\/technologies\/cookies\/<\/span><\/li><li><span style=\"font-weight: 400; color: #000000;\">LinkedIn: http:\/\/www.linkedin.com\/legal\/privacy-policy<\/span><\/li><li><span style=\"font-weight: 400; color: #000000;\">Google+: https:\/\/www.google.es\/intl\/es\/policies\/technologies\/cookies\/\u00a0<\/span><\/li><li><span style=\"font-weight: 400; color: #000000;\">Instagram: https:\/\/www.instagram.com\/legal\/cookies\/\u00a0<\/span><\/li><\/ul><p><span style=\"color: #000000;\"><b>\u00bfActualizamos nuestra Pol\u00edtica de Cookies?\u00a0<\/b><\/span><\/p><p><span style=\"font-weight: 400; color: #000000;\">Es posible que actualicemos la Pol\u00edtica de Cookies de nuestro Sitio Web, por ello le recomendamos revisar esta pol\u00edtica cada vez que acceda a nuestro Sitio Web con el objetivo de estar adecuadamente informado sobre c\u00f3mo y para qu\u00e9 usamos las cookies.\u00a0<\/span><\/p><p><span style=\"font-weight: 400; color: #000000;\">El periodo de conservaci\u00f3n de los datos obtenidos para los diferentes fines en los t\u00e9rminos establecidos en el art\u00edculo 13.2 a) del RGPD y en relaci\u00f3n con el resto de informaci\u00f3n exigida en el art\u00edculo anteriormente mencionado, se encuentra contemplado en nuestra Pol\u00edtica de Privacidad.<\/span><\/p>\t\t\t\t\t\t\t\t<\/div>\n\t\t\t\t<\/div>\n\t\t\t\t\t<\/div>\n\t\t\t\t<\/div>\n\t\t\t\t<\/div>\n\t\t","protected":false},"excerpt":{"rendered":"<p>MELIT TECHNOLOGIES S.L. comunica a los usuarios, a trav\u00e9s de este aviso, que puede utilizar cookies cuando el usuario navega [&hellip;]<\/p>\n","protected":false},"author":1,"featured_media":0,"parent":0,"menu_order":0,"comment_status":"closed","ping_status":"closed","template":"","meta":{"site-sidebar-layout":"no-sidebar","site-content-layout":"","ast-site-content-layout":"full-width-container","site-content-style":"default","site-sidebar-style":"default","ast-global-header-display":"","ast-banner-title-visibility":"","ast-main-header-display":"","ast-hfb-above-header-display":"","ast-hfb-below-header-display":"","ast-hfb-mobile-header-display":"","site-post-title":"disabled","ast-breadcrumbs-content":"","ast-featured-img":"disabled","footer-sml-layout":"","ast-disable-related-posts":"","theme-transparent-header-meta":"default","adv-header-id-meta":"","stick-header-meta":"","header-above-stick-meta":"","header-main-stick-meta":"","header-below-stick-meta":"","astra-migrate-meta-layouts":"set","ast-page-background-enabled":"default","ast-page-background-meta":{"desktop":{"background-color":"var(--ast-global-color-5)","background-image":"","background-repeat":"repeat","background-position":"center center","background-size":"auto","background-attachment":"scroll","background-type":"","background-media":"","overlay-type":"","overlay-color":"","overlay-opacity":"","overlay-gradient":""},"tablet":{"background-color":"","background-image":"","background-repeat":"repeat","background-position":"center center","background-size":"auto","background-attachment":"scroll","background-type":"","background-media":"","overlay-type":"","overlay-color":"","overlay-opacity":"","overlay-gradient":""},"mobile":{"background-color":"","background-image":"","background-repeat":"repeat","background-position":"center center","background-size":"auto","background-attachment":"scroll","background-type":"","background-media":"","overlay-type":"","overlay-color":"","overlay-opacity":"","overlay-gradient":""}},"ast-content-background-meta":{"desktop":{"background-color":"var(--ast-global-color-4)","background-image":"","background-repeat":"repeat","background-position":"center center","background-size":"auto","background-attachment":"scroll","background-type":"","background-media":"","overlay-type":"","overlay-color":"","overlay-opacity":"","overlay-gradient":""},"tablet":{"background-color":"var(--ast-global-color-4)","background-image":"","background-repeat":"repeat","background-position":"center center","background-size":"auto","background-attachment":"scroll","background-type":"","background-media":"","overlay-type":"","overlay-color":"","overlay-opacity":"","overlay-gradient":""},"mobile":{"background-color":"var(--ast-global-color-4)","background-image":"","background-repeat":"repeat","background-position":"center center","background-size":"auto","background-attachment":"scroll","background-type":"","background-media":"","overlay-type":"","overlay-color":"","overlay-opacity":"","overlay-gradient":""}},"footnotes":""},"class_list":["post-244","page","type-page","status-publish","hentry"],"_links":{"self":[{"href":"https:\/\/kronoslearning.es\/index.php\/wp-json\/wp\/v2\/pages\/244","targetHints":{"allow":["GET"]}}],"collection":[{"href":"https:\/\/kronoslearning.es\/index.php\/wp-json\/wp\/v2\/pages"}],"about":[{"href":"https:\/\/kronoslearning.es\/index.php\/wp-json\/wp\/v2\/types\/page"}],"author":[{"embeddable":true,"href":"https:\/\/kronoslearning.es\/index.php\/wp-json\/wp\/v2\/users\/1"}],"replies":[{"embeddable":true,"href":"https:\/\/kronoslearning.es\/index.php\/wp-json\/wp\/v2\/comments?post=244"}],"version-history":[{"count":4,"href":"https:\/\/kronoslearning.es\/index.php\/wp-json\/wp\/v2\/pages\/244\/revisions"}],"predecessor-version":[{"id":256,"href":"https:\/\/kronoslearning.es\/index.php\/wp-json\/wp\/v2\/pages\/244\/revisions\/256"}],"wp:attachment":[{"href":"https:\/\/kronoslearning.es\/index.php\/wp-json\/wp\/v2\/media?parent=244"}],"curies":[{"name":"wp","href":"https:\/\/api.w.org\/{rel}","templated":true}]}}