{"id":250,"date":"2026-02-02T12:21:49","date_gmt":"2026-02-02T12:21:49","guid":{"rendered":"https:\/\/kronoslearning.es\/?page_id=250"},"modified":"2026-02-02T12:23:00","modified_gmt":"2026-02-02T12:23:00","slug":"politica-de-privacidad","status":"publish","type":"page","link":"https:\/\/kronoslearning.es\/index.php\/politica-de-privacidad\/","title":{"rendered":"Pol\u00edtica de Privacidad"},"content":{"rendered":"\t\t<div data-elementor-type=\"wp-page\" data-elementor-id=\"250\" class=\"elementor elementor-250\" data-elementor-post-type=\"page\">\n\t\t\t\t<div class=\"elementor-element elementor-element-bdc1310 e-flex e-con-boxed e-con e-parent\" data-id=\"bdc1310\" data-element_type=\"container\">\n\t\t\t\t\t<div class=\"e-con-inner\">\n\t\t<div class=\"elementor-element elementor-element-ef95115 e-con-full e-flex e-con e-child\" data-id=\"ef95115\" data-element_type=\"container\">\n\t\t\t\t<div class=\"elementor-element elementor-element-758556c elementor-widget elementor-widget-html\" data-id=\"758556c\" data-element_type=\"widget\" data-widget_type=\"html.default\">\n\t\t\t\t\t<!DOCTYPE html>\r\n<html lang=\"es\">\r\n<head>\r\n    <meta charset=\"UTF-8\">\r\n    <meta name=\"viewport\" content=\"width=device-width, initial-scale=1.0\">\r\n    <title>Pol\u00edtica de Privacidad - Melit<\/title>\r\n    <script src=\"https:\/\/cdn.tailwindcss.com\"><\/script>\r\n    <link href=\"https:\/\/fonts.googleapis.com\/css2?family=Inter:wght@300;400;500;600;700&display=swap\" rel=\"stylesheet\">\r\n    <style>\r\n        body { font-family: 'Inter', sans-serif; scroll-behavior: smooth; }\r\n    <\/style>\r\n<\/head>\r\n<body class=\"bg-slate-50 text-slate-700\">\r\n\r\n    <header class=\"bg-white border-b border-slate-200 py-10\">\r\n        <div class=\"max-w-4xl mx-auto px-6\">\r\n            <h1 class=\"text-4xl font-bold text-slate-900 tracking-tight\">Pol\u00edtica de Privacidad<\/h1>\r\n            <p class=\"mt-2 text-slate-500\">\u00daltima actualizaci\u00f3n: 19 de enero, 2026<\/p>\r\n        <\/div>\r\n    <\/header>\r\n\r\n    <main class=\"max-w-4xl mx-auto px-6 py-16\">\r\n        <div class=\"bg-white rounded-2xl border border-slate-200 shadow-sm p-8 md:p-12 space-y-12\">\r\n            \r\n            <section>\r\n                <h2 class=\"text-xl font-bold text-slate-900 mb-4 flex items-center gap-3\">\r\n                    <span class=\"w-8 h-8 bg-blue-50 text-blue-600 rounded-lg flex items-center justify-center text-sm\">01<\/span>\r\n                    Informaci\u00f3n al Usuario\r\n                <\/h2>\r\n                <p class=\"pl-11 text-slate-600 leading-relaxed\">\r\n                    <strong>Melit Technologies S.L.<\/strong>, como responsable del tratamiento de sus datos personales, le informa de que estos datos ser\u00e1n tratados de conformidad con lo dispuesto en el Reglamento (UE) 2016\/679 (RGPD) y la Ley Org\u00e1nica 3\/2018 (LOPDGDD).\r\n                <\/p>\r\n            <\/section>\r\n\r\n            <section>\r\n                <h2 class=\"text-xl font-bold text-slate-900 mb-4 flex items-center gap-3\">\r\n                    <span class=\"w-8 h-8 bg-blue-50 text-blue-600 rounded-lg flex items-center justify-center text-sm\">02<\/span>\r\n                    Finalidad del Tratamiento\r\n                <\/h2>\r\n                <div class=\"pl-11 space-y-3 text-slate-600 leading-relaxed\">\r\n                    <p>Tratamos sus datos para las siguientes finalidades:<\/p>\r\n                    <ul class=\"list-disc pl-5 space-y-1\">\r\n                        <li>Mantener una relaci\u00f3n comercial y profesional.<\/li>\r\n                        <li>Env\u00edo de comunicaciones sobre nuestros cursos y servicios.<\/li>\r\n                        <li>Tramitar encargos, solicitudes o cualquier tipo de petici\u00f3n que sea realizada por el usuario.<\/li>\r\n                    <\/ul>\r\n                <\/div>\r\n            <\/section>\r\n\r\n            <section>\r\n                <h2 class=\"text-xl font-bold text-slate-900 mb-4 flex items-center gap-3\">\r\n                    <span class=\"w-8 h-8 bg-blue-50 text-blue-600 rounded-lg flex items-center justify-center text-sm\">03<\/span>\r\n                    Conservaci\u00f3n de los Datos\r\n                <\/h2>\r\n                <p class=\"pl-11 text-slate-600 leading-relaxed\">\r\n                    Se conservar\u00e1n durante no m\u00e1s tiempo del necesario para mantener el fin del tratamiento y cuando ya no sea necesario para tal fin, se suprimir\u00e1n con medidas de seguridad adecuadas para garantizar la seudonimizaci\u00f3n de los datos o la destrucci\u00f3n total de los mismos.\r\n                <\/p>\r\n            <\/section>\r\n\r\n            <section>\r\n                <h2 class=\"text-xl font-bold text-slate-900 mb-4 flex items-center gap-3\">\r\n                    <span class=\"w-8 h-8 bg-blue-50 text-blue-600 rounded-lg flex items-center justify-center text-sm\">04<\/span>\r\n                    Derechos del Usuario\r\n                <\/h2>\r\n                <div class=\"pl-11 space-y-3 text-slate-600 leading-relaxed\">\r\n                    <p>El usuario tiene derecho a:<\/p>\r\n                    <ul class=\"list-disc pl-5 space-y-1\">\r\n                        <li>Retirar el consentimiento en cualquier momento.<\/li>\r\n                        <li>Acceso, rectificaci\u00f3n, portabilidad y supresi\u00f3n de sus datos.<\/li>\r\n                        <li>Presentar una reclamaci\u00f3n ante la autoridad de control (aepd.es) si considera que el tratamiento no se ajusta a la normativa vigente.<\/li>\r\n                    <\/ul>\r\n                    <p class=\"pt-2\">Puede ejercer estos derechos enviando un email a: <strong>contacto@melit.es<\/strong><\/p>\r\n                <\/div>\r\n            <\/section>\r\n\r\n        <\/div>\r\n    <\/main>\r\n\r\n<\/body>\r\n<\/html>\t\t\t\t<\/div>\n\t\t\t\t<\/div>\n\t\t\t\t\t<\/div>\n\t\t\t\t<\/div>\n\t\t\t\t<\/div>\n\t\t","protected":false},"excerpt":{"rendered":"<p>&nbsp; &nbsp; Pol\u00edtica de Privacidad \u00daltima actualizaci\u00f3n: 19 de enero, 2026 &nbsp; 01 Informaci\u00f3n al Usuario Melit Technologies S.L., como [&hellip;]<\/p>\n","protected":false},"author":1,"featured_media":0,"parent":0,"menu_order":0,"comment_status":"closed","ping_status":"closed","template":"","meta":{"site-sidebar-layout":"no-sidebar","site-content-layout":"","ast-site-content-layout":"full-width-container","site-content-style":"default","site-sidebar-style":"default","ast-global-header-display":"","ast-banner-title-visibility":"","ast-main-header-display":"","ast-hfb-above-header-display":"","ast-hfb-below-header-display":"","ast-hfb-mobile-header-display":"","site-post-title":"disabled","ast-breadcrumbs-content":"","ast-featured-img":"disabled","footer-sml-layout":"","ast-disable-related-posts":"","theme-transparent-header-meta":"default","adv-header-id-meta":"","stick-header-meta":"","header-above-stick-meta":"","header-main-stick-meta":"","header-below-stick-meta":"","astra-migrate-meta-layouts":"set","ast-page-background-enabled":"default","ast-page-background-meta":{"desktop":{"background-color":"var(--ast-global-color-5)","background-image":"","background-repeat":"repeat","background-position":"center center","background-size":"auto","background-attachment":"scroll","background-type":"","background-media":"","overlay-type":"","overlay-color":"","overlay-opacity":"","overlay-gradient":""},"tablet":{"background-color":"","background-image":"","background-repeat":"repeat","background-position":"center center","background-size":"auto","background-attachment":"scroll","background-type":"","background-media":"","overlay-type":"","overlay-color":"","overlay-opacity":"","overlay-gradient":""},"mobile":{"background-color":"","background-image":"","background-repeat":"repeat","background-position":"center center","background-size":"auto","background-attachment":"scroll","background-type":"","background-media":"","overlay-type":"","overlay-color":"","overlay-opacity":"","overlay-gradient":""}},"ast-content-background-meta":{"desktop":{"background-color":"var(--ast-global-color-4)","background-image":"","background-repeat":"repeat","background-position":"center center","background-size":"auto","background-attachment":"scroll","background-type":"","background-media":"","overlay-type":"","overlay-color":"","overlay-opacity":"","overlay-gradient":""},"tablet":{"background-color":"var(--ast-global-color-4)","background-image":"","background-repeat":"repeat","background-position":"center center","background-size":"auto","background-attachment":"scroll","background-type":"","background-media":"","overlay-type":"","overlay-color":"","overlay-opacity":"","overlay-gradient":""},"mobile":{"background-color":"var(--ast-global-color-4)","background-image":"","background-repeat":"repeat","background-position":"center center","background-size":"auto","background-attachment":"scroll","background-type":"","background-media":"","overlay-type":"","overlay-color":"","overlay-opacity":"","overlay-gradient":""}},"footnotes":""},"class_list":["post-250","page","type-page","status-publish","hentry"],"_links":{"self":[{"href":"https:\/\/kronoslearning.es\/index.php\/wp-json\/wp\/v2\/pages\/250","targetHints":{"allow":["GET"]}}],"collection":[{"href":"https:\/\/kronoslearning.es\/index.php\/wp-json\/wp\/v2\/pages"}],"about":[{"href":"https:\/\/kronoslearning.es\/index.php\/wp-json\/wp\/v2\/types\/page"}],"author":[{"embeddable":true,"href":"https:\/\/kronoslearning.es\/index.php\/wp-json\/wp\/v2\/users\/1"}],"replies":[{"embeddable":true,"href":"https:\/\/kronoslearning.es\/index.php\/wp-json\/wp\/v2\/comments?post=250"}],"version-history":[{"count":5,"href":"https:\/\/kronoslearning.es\/index.php\/wp-json\/wp\/v2\/pages\/250\/revisions"}],"predecessor-version":[{"id":255,"href":"https:\/\/kronoslearning.es\/index.php\/wp-json\/wp\/v2\/pages\/250\/revisions\/255"}],"wp:attachment":[{"href":"https:\/\/kronoslearning.es\/index.php\/wp-json\/wp\/v2\/media?parent=250"}],"curies":[{"name":"wp","href":"https:\/\/api.w.org\/{rel}","templated":true}]}}